{"id":198,"date":"2020-11-09T18:38:28","date_gmt":"2020-11-10T00:38:28","guid":{"rendered":"https:\/\/reclutamiento.mil.sv\/?page_id=198"},"modified":"2025-09-24T11:15:58","modified_gmt":"2025-09-24T17:15:58","slug":"preguntas-frecuentes","status":"publish","type":"page","link":"https:\/\/reclutamiento.mil.sv\/?page_id=198","title":{"rendered":"Preguntas Frecuentes"},"content":{"rendered":"\n<h3 class=\"wp-block-heading\">Que es la DGRR<\/h3>\n\n\n\n<p>De acuerdo a la Ley del Servicio Militar Art. 8 Se crea la Direcci\u00f3n General de Reclutamiento y Reserva de la Fuerza Armada, que funcionar\u00e1 como dependencia del Ministerio de la Defensa Nacional. La Direcci\u00f3n General tendr\u00e1 centros y oficinas de reclutamiento y reserva de conformidad con lo establecido en el reglamento de esta ley, en el curso de la misma podr\u00e1 denominarse &#8220;Direcci\u00f3n General&#8221;.<\/p>\n\n\n\n<p>Es una instituci\u00f3n autorizada para realizar los reclutamientos y entregar personal civil a las Unidades Militares siempre y cuando re\u00fanan los requisitos que requieren, as\u00ed mismo es la encargada de tener el registro del personal Reservista.<\/p>\n\n\n\n<hr class=\"wp-block-separator has-css-opacity\"\/>\n\n\n\n<h3 class=\"wp-block-heading\">Cu\u00e1l es la diferencia de un reserva y un recluta?<\/h3>\n\n\n\n<p>La diferencia entre un Reserva y un Soldado de nuevo ingreso es que el personal Reservista, ya estuvo de alta, cumpliendo su tiempo de servicio Militar al causar baja a los 18 meses, con la oportunidad de volver a ingresar a las filas, un soldado de nuevo ingreso es todo aquel que cumple con los requisitos para ingresar por primera vez y causar alta en las diferentes Unidades Militares.<\/p>\n\n\n\n<hr class=\"wp-block-separator has-css-opacity\"\/>\n\n\n\n<h3 class=\"wp-block-heading\">C\u00f3mo se genera la reserva?<\/h3>\n\n\n\n<p>Despu\u00e9s de que el personal recluta, cumple sus 18 meses de estar de alta y Cuando un ciudadano causa alta cumple con sus 18 meses de alta y luego causa baja y pasa a formar la Reserva Militar.<\/p>\n\n\n\n<hr class=\"wp-block-separator has-css-opacity\"\/>\n\n\n\n<h3 class=\"wp-block-heading\">C\u00f3mo ingresar a la Fuerza Armada de El Salvador?<\/h3>\n\n\n\n<p>Presentarse para inscribirse a un Centro u Oficina de la Unidad Militar donde quiere estar de alta con los documentos siguientes:<\/p>\n\n\n\n<p>*Dos (2) copias de DUI ampliado al 150%<\/p>\n\n\n\n<p>*Dos (2) copias de partida de nacimiento<\/p>\n\n\n\n<p>*Antecedentes Penales y Solvencia de la PNC<\/p>\n\n\n\n<p>* Presentar Recibo de agua o luz y copia<\/p>\n\n\n\n<p>NOTA: Debe ser mayor de edad y tener como m\u00ednimo cuarto grado de estudio<\/p>\n\n\n\n<hr class=\"wp-block-separator has-css-opacity\"\/>\n\n\n\n<h3 class=\"wp-block-heading\">A d\u00f3nde tengo que acudir para poder ingresar a la Fuerza Armada?<\/h3>\n\n\n\n<p>A los diferentes Centros y Oficinas que est\u00e1n distribuidos en las Brigadas y Destacamentos Militares, Ubicados en las Cabeceras Departamentales.<\/p>\n\n\n\n<hr class=\"wp-block-separator has-css-opacity\"\/>\n\n\n\n<h3 class=\"wp-block-heading\">En qu\u00e9 periodo es la inscripci\u00f3n?<\/h3>\n\n\n\n<p>En todo el a\u00f1o en los diferentes Centros y Oficinas, los cuales se dan a conocer por los medios de comunicaci\u00f3n y redes sociales.<\/p>\n\n\n\n<hr class=\"wp-block-separator has-css-opacity\"\/>\n\n\n\n<h3 class=\"wp-block-heading\">Qu\u00e9 beneficios puede tener ser Reservista?<\/h3>\n\n\n\n<ol class=\"wp-block-list\">\n<li>Volver a causar alta<\/li>\n\n\n\n<li>Ser un ciudadano preparado<\/li>\n\n\n\n<li>Ser llamado para ser parte de los planes de seguridad<\/li>\n<\/ol>\n","protected":false},"excerpt":{"rendered":"<div class=\"parrafos-blancos-letranegra\"><p>Que es la DGRR De acuerdo a la Ley del Servicio Militar Art. 8 Se crea la Direcci\u00f3n General de Reclutamiento y Reserva de la Fuerza Armada, que funcionar\u00e1 como [&hellip;]<\/p>\n<\/div>","protected":false},"author":2,"featured_media":0,"parent":0,"menu_order":0,"comment_status":"closed","ping_status":"closed","template":"","meta":{"footnotes":""},"class_list":["post-198","page","type-page","status-publish","hentry"],"yoast_head":"<!-- This site is optimized with the Yoast SEO plugin v23.6 - https:\/\/yoast.com\/wordpress\/plugins\/seo\/ -->\n<title>Preguntas Frecuentes - Direcci\u00f3n General de Reclutamiento y Reserva<\/title>\n<meta name=\"robots\" content=\"index, follow, max-snippet:-1, max-image-preview:large, max-video-preview:-1\" \/>\n<link rel=\"canonical\" href=\"https:\/\/reclutamiento.mil.sv\/?page_id=198\" \/>\n<meta property=\"og:locale\" content=\"es_ES\" \/>\n<meta property=\"og:type\" content=\"article\" \/>\n<meta property=\"og:title\" content=\"Preguntas Frecuentes - Direcci\u00f3n General de Reclutamiento y Reserva\" \/>\n<meta property=\"og:description\" content=\"Que es la DGRR De acuerdo a la Ley del Servicio Militar Art. 8 Se crea la Direcci\u00f3n General de Reclutamiento y Reserva de la Fuerza Armada, que funcionar\u00e1 como [&hellip;]\" \/>\n<meta property=\"og:url\" content=\"https:\/\/reclutamiento.mil.sv\/?page_id=198\" \/>\n<meta property=\"og:site_name\" content=\"Direcci\u00f3n General de Reclutamiento y Reserva\" \/>\n<meta property=\"article:modified_time\" content=\"2025-09-24T17:15:58+00:00\" \/>\n<meta name=\"twitter:card\" content=\"summary_large_image\" \/>\n<meta name=\"twitter:label1\" content=\"Tiempo de lectura\" \/>\n\t<meta name=\"twitter:data1\" content=\"2 minutos\" \/>\n<script type=\"application\/ld+json\" class=\"yoast-schema-graph\">{\"@context\":\"https:\/\/schema.org\",\"@graph\":[{\"@type\":\"WebPage\",\"@id\":\"https:\/\/reclutamiento.mil.sv\/?page_id=198\",\"url\":\"https:\/\/reclutamiento.mil.sv\/?page_id=198\",\"name\":\"Preguntas Frecuentes - Direcci\u00f3n General de Reclutamiento y Reserva\",\"isPartOf\":{\"@id\":\"https:\/\/reclutamiento.mil.sv\/#website\"},\"datePublished\":\"2020-11-10T00:38:28+00:00\",\"dateModified\":\"2025-09-24T17:15:58+00:00\",\"breadcrumb\":{\"@id\":\"https:\/\/reclutamiento.mil.sv\/?page_id=198#breadcrumb\"},\"inLanguage\":\"es\",\"potentialAction\":[{\"@type\":\"ReadAction\",\"target\":[\"https:\/\/reclutamiento.mil.sv\/?page_id=198\"]}]},{\"@type\":\"BreadcrumbList\",\"@id\":\"https:\/\/reclutamiento.mil.sv\/?page_id=198#breadcrumb\",\"itemListElement\":[{\"@type\":\"ListItem\",\"position\":1,\"name\":\"Inicio\",\"item\":\"https:\/\/reclutamiento.mil.sv\/\"},{\"@type\":\"ListItem\",\"position\":2,\"name\":\"Preguntas Frecuentes\"}]},{\"@type\":\"WebSite\",\"@id\":\"https:\/\/reclutamiento.mil.sv\/#website\",\"url\":\"https:\/\/reclutamiento.mil.sv\/\",\"name\":\"Direcci\u00f3n General de Reclutamiento y Reserva\",\"description\":\"DGRR\",\"potentialAction\":[{\"@type\":\"SearchAction\",\"target\":{\"@type\":\"EntryPoint\",\"urlTemplate\":\"https:\/\/reclutamiento.mil.sv\/?s={search_term_string}\"},\"query-input\":{\"@type\":\"PropertyValueSpecification\",\"valueRequired\":true,\"valueName\":\"search_term_string\"}}],\"inLanguage\":\"es\"}]}<\/script>\n<!-- \/ Yoast SEO plugin. -->","yoast_head_json":{"title":"Preguntas Frecuentes - Direcci\u00f3n General de Reclutamiento y Reserva","robots":{"index":"index","follow":"follow","max-snippet":"max-snippet:-1","max-image-preview":"max-image-preview:large","max-video-preview":"max-video-preview:-1"},"canonical":"https:\/\/reclutamiento.mil.sv\/?page_id=198","og_locale":"es_ES","og_type":"article","og_title":"Preguntas Frecuentes - Direcci\u00f3n General de Reclutamiento y Reserva","og_description":"Que es la DGRR De acuerdo a la Ley del Servicio Militar Art. 8 Se crea la Direcci\u00f3n General de Reclutamiento y Reserva de la Fuerza Armada, que funcionar\u00e1 como [&hellip;]","og_url":"https:\/\/reclutamiento.mil.sv\/?page_id=198","og_site_name":"Direcci\u00f3n General de Reclutamiento y Reserva","article_modified_time":"2025-09-24T17:15:58+00:00","twitter_card":"summary_large_image","twitter_misc":{"Tiempo de lectura":"2 minutos"},"schema":{"@context":"https:\/\/schema.org","@graph":[{"@type":"WebPage","@id":"https:\/\/reclutamiento.mil.sv\/?page_id=198","url":"https:\/\/reclutamiento.mil.sv\/?page_id=198","name":"Preguntas Frecuentes - Direcci\u00f3n General de Reclutamiento y Reserva","isPartOf":{"@id":"https:\/\/reclutamiento.mil.sv\/#website"},"datePublished":"2020-11-10T00:38:28+00:00","dateModified":"2025-09-24T17:15:58+00:00","breadcrumb":{"@id":"https:\/\/reclutamiento.mil.sv\/?page_id=198#breadcrumb"},"inLanguage":"es","potentialAction":[{"@type":"ReadAction","target":["https:\/\/reclutamiento.mil.sv\/?page_id=198"]}]},{"@type":"BreadcrumbList","@id":"https:\/\/reclutamiento.mil.sv\/?page_id=198#breadcrumb","itemListElement":[{"@type":"ListItem","position":1,"name":"Inicio","item":"https:\/\/reclutamiento.mil.sv\/"},{"@type":"ListItem","position":2,"name":"Preguntas Frecuentes"}]},{"@type":"WebSite","@id":"https:\/\/reclutamiento.mil.sv\/#website","url":"https:\/\/reclutamiento.mil.sv\/","name":"Direcci\u00f3n General de Reclutamiento y Reserva","description":"DGRR","potentialAction":[{"@type":"SearchAction","target":{"@type":"EntryPoint","urlTemplate":"https:\/\/reclutamiento.mil.sv\/?s={search_term_string}"},"query-input":{"@type":"PropertyValueSpecification","valueRequired":true,"valueName":"search_term_string"}}],"inLanguage":"es"}]}},"_links":{"self":[{"href":"https:\/\/reclutamiento.mil.sv\/index.php?rest_route=\/wp\/v2\/pages\/198"}],"collection":[{"href":"https:\/\/reclutamiento.mil.sv\/index.php?rest_route=\/wp\/v2\/pages"}],"about":[{"href":"https:\/\/reclutamiento.mil.sv\/index.php?rest_route=\/wp\/v2\/types\/page"}],"author":[{"embeddable":true,"href":"https:\/\/reclutamiento.mil.sv\/index.php?rest_route=\/wp\/v2\/users\/2"}],"replies":[{"embeddable":true,"href":"https:\/\/reclutamiento.mil.sv\/index.php?rest_route=%2Fwp%2Fv2%2Fcomments&post=198"}],"version-history":[{"count":10,"href":"https:\/\/reclutamiento.mil.sv\/index.php?rest_route=\/wp\/v2\/pages\/198\/revisions"}],"predecessor-version":[{"id":2349,"href":"https:\/\/reclutamiento.mil.sv\/index.php?rest_route=\/wp\/v2\/pages\/198\/revisions\/2349"}],"wp:attachment":[{"href":"https:\/\/reclutamiento.mil.sv\/index.php?rest_route=%2Fwp%2Fv2%2Fmedia&parent=198"}],"curies":[{"name":"wp","href":"https:\/\/api.w.org\/{rel}","templated":true}]}}