{"id":172,"date":"2020-11-11T10:13:00","date_gmt":"2020-11-11T16:13:00","guid":{"rendered":"https:\/\/reclutamiento.mil.sv\/?page_id=172"},"modified":"2021-02-17T15:21:01","modified_gmt":"2021-02-17T21:21:01","slug":"politica-web","status":"publish","type":"page","link":"https:\/\/reclutamiento.mil.sv\/?page_id=172","title":{"rendered":"Pol\u00edtica Web"},"content":{"rendered":"\n<p>La pol\u00edtica de seguridad y privacidad de los datos del presente sitio web describe el modo en que la Direcci\u00f3n de Reclutamiento y Reserva podr\u00e1 utilizar la informaci\u00f3n que pueda recopilar sobre el usuario a trav\u00e9s del sitio web.<\/p>\n\n\n\n<h4 class=\"wp-block-heading\">Protecci\u00f3n de datos<\/h4>\n\n\n\n<p>La instituci\u00f3n maneja la informaci\u00f3n del usuario con los niveles m\u00e1ximos de protecci\u00f3n posibles en un sistema automatizado de tratamiento de datos. La informaci\u00f3n del usuario se incorpora a bases de datos y archivos propiedad de la instituci\u00f3n, y solo son accedidos por los administradores inform\u00e1ticos, con el fin de asegurar el funcionamiento de los sistemas computacionales.<\/p>\n\n\n\n<p>La informaci\u00f3n del usuario se almacena en los servidores de la instituci\u00f3n y se conserva en el entorno m\u00e1s seguro posible, con todo tipo de medidas de seguridad f\u00edsicas y tecnol\u00f3gicas, y se trata con la m\u00e1s absoluta confidencialidad.<\/p>\n\n\n\n<h4 class=\"wp-block-heading\">Seguridad de la Informaci\u00f3n<\/h4>\n\n\n\n<p>La instituci\u00f3n ha empleado todos los sistemas y medidas t\u00e9cnicas a su alcance, para evitar la p\u00e9rdida, mal uso, alteraci\u00f3n, acceso no autorizado y sustracci\u00f3n de los datos facilitados por el usuario.<\/p>\n\n\n\n<p>No obstante, el usuario debe ser consciente de que las medidas de seguridad en internet no son inexpugnables.<\/p>\n","protected":false},"excerpt":{"rendered":"<div class=\"parrafos-blancos-letranegra\"><p>La pol\u00edtica de seguridad y privacidad de los datos del presente sitio web describe el modo en que la Direcci\u00f3n de Reclutamiento y Reserva podr\u00e1 utilizar la informaci\u00f3n que pueda [&hellip;]<\/p>\n<\/div>","protected":false},"author":2,"featured_media":0,"parent":0,"menu_order":0,"comment_status":"closed","ping_status":"closed","template":"","meta":{"footnotes":""},"class_list":["post-172","page","type-page","status-publish","hentry"],"yoast_head":"<!-- This site is optimized with the Yoast SEO plugin v23.6 - https:\/\/yoast.com\/wordpress\/plugins\/seo\/ -->\n<title>Pol\u00edtica Web - Direcci\u00f3n General de Reclutamiento y Reserva<\/title>\n<meta name=\"robots\" content=\"index, follow, max-snippet:-1, max-image-preview:large, max-video-preview:-1\" \/>\n<link rel=\"canonical\" href=\"https:\/\/reclutamiento.mil.sv\/?page_id=172\" \/>\n<meta property=\"og:locale\" content=\"es_ES\" \/>\n<meta property=\"og:type\" content=\"article\" \/>\n<meta property=\"og:title\" content=\"Pol\u00edtica Web - Direcci\u00f3n General de Reclutamiento y Reserva\" \/>\n<meta property=\"og:description\" content=\"La pol\u00edtica de seguridad y privacidad de los datos del presente sitio web describe el modo en que la Direcci\u00f3n de Reclutamiento y Reserva podr\u00e1 utilizar la informaci\u00f3n que pueda [&hellip;]\" \/>\n<meta property=\"og:url\" content=\"https:\/\/reclutamiento.mil.sv\/?page_id=172\" \/>\n<meta property=\"og:site_name\" content=\"Direcci\u00f3n General de Reclutamiento y Reserva\" \/>\n<meta property=\"article:modified_time\" content=\"2021-02-17T21:21:01+00:00\" \/>\n<meta name=\"twitter:card\" content=\"summary_large_image\" \/>\n<meta name=\"twitter:label1\" content=\"Tiempo de lectura\" \/>\n\t<meta name=\"twitter:data1\" content=\"1 minuto\" \/>\n<script type=\"application\/ld+json\" class=\"yoast-schema-graph\">{\"@context\":\"https:\/\/schema.org\",\"@graph\":[{\"@type\":\"WebPage\",\"@id\":\"https:\/\/reclutamiento.mil.sv\/?page_id=172\",\"url\":\"https:\/\/reclutamiento.mil.sv\/?page_id=172\",\"name\":\"Pol\u00edtica Web - Direcci\u00f3n General de Reclutamiento y Reserva\",\"isPartOf\":{\"@id\":\"https:\/\/reclutamiento.mil.sv\/#website\"},\"datePublished\":\"2020-11-11T16:13:00+00:00\",\"dateModified\":\"2021-02-17T21:21:01+00:00\",\"breadcrumb\":{\"@id\":\"https:\/\/reclutamiento.mil.sv\/?page_id=172#breadcrumb\"},\"inLanguage\":\"es\",\"potentialAction\":[{\"@type\":\"ReadAction\",\"target\":[\"https:\/\/reclutamiento.mil.sv\/?page_id=172\"]}]},{\"@type\":\"BreadcrumbList\",\"@id\":\"https:\/\/reclutamiento.mil.sv\/?page_id=172#breadcrumb\",\"itemListElement\":[{\"@type\":\"ListItem\",\"position\":1,\"name\":\"Inicio\",\"item\":\"https:\/\/reclutamiento.mil.sv\/\"},{\"@type\":\"ListItem\",\"position\":2,\"name\":\"Pol\u00edtica Web\"}]},{\"@type\":\"WebSite\",\"@id\":\"https:\/\/reclutamiento.mil.sv\/#website\",\"url\":\"https:\/\/reclutamiento.mil.sv\/\",\"name\":\"Direcci\u00f3n General de Reclutamiento y Reserva\",\"description\":\"DGRR\",\"potentialAction\":[{\"@type\":\"SearchAction\",\"target\":{\"@type\":\"EntryPoint\",\"urlTemplate\":\"https:\/\/reclutamiento.mil.sv\/?s={search_term_string}\"},\"query-input\":{\"@type\":\"PropertyValueSpecification\",\"valueRequired\":true,\"valueName\":\"search_term_string\"}}],\"inLanguage\":\"es\"}]}<\/script>\n<!-- \/ Yoast SEO plugin. -->","yoast_head_json":{"title":"Pol\u00edtica Web - Direcci\u00f3n General de Reclutamiento y Reserva","robots":{"index":"index","follow":"follow","max-snippet":"max-snippet:-1","max-image-preview":"max-image-preview:large","max-video-preview":"max-video-preview:-1"},"canonical":"https:\/\/reclutamiento.mil.sv\/?page_id=172","og_locale":"es_ES","og_type":"article","og_title":"Pol\u00edtica Web - Direcci\u00f3n General de Reclutamiento y Reserva","og_description":"La pol\u00edtica de seguridad y privacidad de los datos del presente sitio web describe el modo en que la Direcci\u00f3n de Reclutamiento y Reserva podr\u00e1 utilizar la informaci\u00f3n que pueda [&hellip;]","og_url":"https:\/\/reclutamiento.mil.sv\/?page_id=172","og_site_name":"Direcci\u00f3n General de Reclutamiento y Reserva","article_modified_time":"2021-02-17T21:21:01+00:00","twitter_card":"summary_large_image","twitter_misc":{"Tiempo de lectura":"1 minuto"},"schema":{"@context":"https:\/\/schema.org","@graph":[{"@type":"WebPage","@id":"https:\/\/reclutamiento.mil.sv\/?page_id=172","url":"https:\/\/reclutamiento.mil.sv\/?page_id=172","name":"Pol\u00edtica Web - Direcci\u00f3n General de Reclutamiento y Reserva","isPartOf":{"@id":"https:\/\/reclutamiento.mil.sv\/#website"},"datePublished":"2020-11-11T16:13:00+00:00","dateModified":"2021-02-17T21:21:01+00:00","breadcrumb":{"@id":"https:\/\/reclutamiento.mil.sv\/?page_id=172#breadcrumb"},"inLanguage":"es","potentialAction":[{"@type":"ReadAction","target":["https:\/\/reclutamiento.mil.sv\/?page_id=172"]}]},{"@type":"BreadcrumbList","@id":"https:\/\/reclutamiento.mil.sv\/?page_id=172#breadcrumb","itemListElement":[{"@type":"ListItem","position":1,"name":"Inicio","item":"https:\/\/reclutamiento.mil.sv\/"},{"@type":"ListItem","position":2,"name":"Pol\u00edtica Web"}]},{"@type":"WebSite","@id":"https:\/\/reclutamiento.mil.sv\/#website","url":"https:\/\/reclutamiento.mil.sv\/","name":"Direcci\u00f3n General de Reclutamiento y Reserva","description":"DGRR","potentialAction":[{"@type":"SearchAction","target":{"@type":"EntryPoint","urlTemplate":"https:\/\/reclutamiento.mil.sv\/?s={search_term_string}"},"query-input":{"@type":"PropertyValueSpecification","valueRequired":true,"valueName":"search_term_string"}}],"inLanguage":"es"}]}},"_links":{"self":[{"href":"https:\/\/reclutamiento.mil.sv\/index.php?rest_route=\/wp\/v2\/pages\/172"}],"collection":[{"href":"https:\/\/reclutamiento.mil.sv\/index.php?rest_route=\/wp\/v2\/pages"}],"about":[{"href":"https:\/\/reclutamiento.mil.sv\/index.php?rest_route=\/wp\/v2\/types\/page"}],"author":[{"embeddable":true,"href":"https:\/\/reclutamiento.mil.sv\/index.php?rest_route=\/wp\/v2\/users\/2"}],"replies":[{"embeddable":true,"href":"https:\/\/reclutamiento.mil.sv\/index.php?rest_route=%2Fwp%2Fv2%2Fcomments&post=172"}],"version-history":[{"count":6,"href":"https:\/\/reclutamiento.mil.sv\/index.php?rest_route=\/wp\/v2\/pages\/172\/revisions"}],"predecessor-version":[{"id":1993,"href":"https:\/\/reclutamiento.mil.sv\/index.php?rest_route=\/wp\/v2\/pages\/172\/revisions\/1993"}],"wp:attachment":[{"href":"https:\/\/reclutamiento.mil.sv\/index.php?rest_route=%2Fwp%2Fv2%2Fmedia&parent=172"}],"curies":[{"name":"wp","href":"https:\/\/api.w.org\/{rel}","templated":true}]}}