{"id":1647,"date":"2020-10-20T14:56:45","date_gmt":"2020-10-20T20:56:45","guid":{"rendered":"https:\/\/reclutamiento.mil.sv\/?page_id=1647"},"modified":"2025-09-24T11:09:22","modified_gmt":"2025-09-24T17:09:22","slug":"marco-legal-y-formativo","status":"publish","type":"page","link":"https:\/\/reclutamiento.mil.sv\/?page_id=1647","title":{"rendered":"Marco Institucional"},"content":{"rendered":"\n<h2 class=\"wp-block-heading has-text-align-center\"><strong>Historia<\/strong><\/h2>\n\n\n\n<p>La Direcci\u00f3n General de Reclutamiento y Reserva (DGRR), nace a principios de la d\u00e9cada de los noventa con el objeto de modernizar y actualizar el trabajo que hasta entonces desarrollaba el Servicio Territorial, determinando su nuevo rumbo al proceso evolutivo natural de la Instituci\u00f3n Armada, siendo su objetivo, la implementaci\u00f3n de los mecanismos para los procesos de reclutamiento y el sostenimiento y la administraci\u00f3n de la reserva militar, funci\u00f3n que con hero\u00edsmo, profesionalismo, valor y sacrificio que desempe\u00f1aron los integrantes del Ex Servicio Territorial y Defensas Civiles, durante la campa\u00f1a militar y de esta manera defender el sistema democr\u00e1tico en defensa del Estado Salvadore\u00f1o, contribuyendo al cumplimiento de la misi\u00f3n constitucional de la Fuerza Armada, como participes principales en la defensa de la Soberan\u00eda e Institucionalidad del Gobierno y la Integridad del Territorio Salvadore\u00f1o, en el marco del orden y la seguridad p\u00fablica.<br>El Ministerio de la Defensa Nacional, es el escal\u00f3n inmediato superior de la Direcci\u00f3n General, con el que se ha venido manteniendo relaciones permanentes de comando y proporcion\u00e1ndole el nexo oficial a la misma, con las Unidades Militares, para la planificaci\u00f3n, coordinaci\u00f3n ejecuci\u00f3n y supervisi\u00f3n del servicio de reclutamiento y reserva.<br>La creaci\u00f3n de la DGRR, conllevo a desarrollar tres fases de ejecuci\u00f3n:<br>1) La primera fase comprende la planificaci\u00f3n durante tres meses, iniciando el 01SEP992.<br>2) La segunda fase, de organizaci\u00f3n, instalaci\u00f3n y despliegue territorial, comienza el 01DIC992, durando tres meses.<br>3) La tercera fase, concluyendo el despliegue el 31AGO993 e iniciando el funcionamiento el 01SEP993, en donde se emite la primera orden general del cuerpo.<br>Las dos grandes \u00e1reas del esfuerzo principal de la Direcci\u00f3n General de Reclutamiento y Reserva, son precisamente los procesos de reclutamiento y reserva; y funciona como una dependencia directa del Ministerio de la Defensa Nacional, el cual para su funcionamiento inicial se crearon 14 Centros de Reclutamiento y Reserva (CCRR), distribuidos en las cabeceras departamentales de la Rep\u00fablica, as\u00ed mismo 34 Oficinas de Reclutamiento y Reserva (OORR), las cuales fueron creadas en base a criterios de la densidad poblacional y posici\u00f3n geogr\u00e1fica, en la actualidad se funciona con los 7 Centros de Reclutamiento y Reserva y 8 Oficinas de Reclutamiento y Reserva.<br>b.- Base Legal de Fundaci\u00f3n.<br>Para dar inicio al nuevo sistema de reclutamiento y reserva, se reorganiza la Fuerza Armada, seg\u00fan Orden General No. 09\/92, resolviendo disolver el Servicio Territorial y desmovilizando su personal, asumiendo esa funci\u00f3n la Direcci\u00f3n General de Reclutamiento y Reserva (DGRR), para la cual se ha organizado, el cual fundamentalmente es un servicio administrativo de planificaci\u00f3n, direcci\u00f3n, coordinaci\u00f3n, ejecuci\u00f3n y supervisi\u00f3n de reclutamiento y reserva, facultado en Art\u00edculo 42, de la Ley del Servicio Militar, en donde se implementaron los mecanismos de reclutamiento establecidos por la misma ley, en el cual reza que se proceder\u00e1 al reclutamiento de voluntarios para completar los efectivos de la Fuerza Armada.<br>Una vez dictada la norma jur\u00eddica que servir\u00eda de base para dar vida a la Direcci\u00f3n General de Reclutamiento y Reserva, como seguimiento al mandato constitucional y basada en los principios fundamentales de la Obligatoriedad, Universalidad, Equidad e Indiscriminaci\u00f3n, se emite seg\u00fan Decreto Legislativo No.298 del 30 de julio de 1992, publicado en el Diario Oficial No. 144 tomo 316 de fecha 10 de abril de 1992, organizase la Direcci\u00f3n General de Reclutamiento y Reserva de la Fuerza Armada, para hacer efectiva la Ley del Servicio Militar y Reserva de la Fuerza Armada, dependiente del Ministerio de la Defensa Nacional en toda la Rep\u00fablica de El Salvador.<br>c.- Fundaci\u00f3n.<br>Su creaci\u00f3n, organizaci\u00f3n y funcionamiento se deriva como parte de los Acuerdos de Paz, que se firmaron en Chapultepec (M\u00e9xico) entre el GOES y en ese entonces el Frente Farabundo Mart\u00ed para la Liberaci\u00f3n Nacional (FMLN), que en la actualidad se constituyo como partido pol\u00edtico para la pol\u00edtica nacional de El Salvador. La creaci\u00f3n de la Direcci\u00f3n General de Reclutamiento y Reserva, (DGRR), se basa en la promulgaci\u00f3n de la Ley del Servicio Militar y Reserva de la Fuerza Armada, contemplada en el Decreto No.298 de la Asamblea Legislativa de la Rep\u00fablica de El Salvador, bajo la cual se decreta la existencia legal de la Direcci\u00f3n General de Reclutamiento y Reserva, como dependencia directa del Ministerio de la Defensa Nacional, creada como un organismo legalmente constituido para hacer efectiva los reg\u00edmenes de reclutamiento y reserva que la Constituci\u00f3n de la Rep\u00fablica y las leyes secundarias pertinentes, delimitan y regulan, basados en principios constitucionales dictados en el Articulo 211 \u201dLa Fuerza Armada es una Instituci\u00f3n permanente al servicio de la naci\u00f3n\u201d y el Art.215 prescribe \u201cEl Servicio Militar es obligatorio para todos los salvadore\u00f1os comprendidos entre los dieciocho y los treinta a\u00f1os de edad, en caso de necesidad ser\u00e1n soldados todos los salvadore\u00f1os aptos para actuar en tareas militares\u201d.<br>La Ley del Servicio Militar y Reserva de la Fuerza Armada, posteriormente en plazo ordenado por la Ley se emite el Decreto Ejecutivo No.96 del 17 de Octubre de 1992, publicado en el reglamento de aplicaci\u00f3n de la Ley del Servicio Militar y Reserva de la Fuerza Armada. <a href=\"https:\/\/reclutamiento.mil.sv\/wp-content\/uploads\/2020\/11\/RESENA-HISTORICA-DGRR.pdf\">VER RESE\u00d1A HISTORICA<\/a><\/p>\n\n\n\n<p><\/p>\n\n\n\n<h2 class=\"wp-block-heading has-text-align-center\">Misi\u00f3n y Principios<\/h2>\n\n\n\n<p><strong>MISI\u00d3N<\/strong>: Obtener y proporcionar los recursos humanos necesarios para que la Fuerza Armada cumpla con su misi\u00f3n constitucional.<\/p>\n\n\n\n<p><strong>PRINCIPIOS:<\/strong><br>\u2013 OBLIGATORIEDAD<br>\u2013 INDISCRIMINACI\u00d3N<br>\u2013 UNIVERSALIDAD<br>\u2013 EQUIDAD<\/p>\n\n\n\n<p><\/p>\n\n\n\n<h2 class=\"wp-block-heading has-text-align-center\">Organigrama<\/h2>\n\n\n<div class=\"wp-block-image\">\n<figure class=\"aligncenter size-large\"><img loading=\"lazy\" decoding=\"async\" width=\"1049\" height=\"1000\" src=\"https:\/\/reclutamiento.mil.sv\/wp-content\/uploads\/2020\/12\/Organigrama.jpg\" alt=\"\" class=\"wp-image-1902\"\/><\/figure><\/div>\n\n\n<p><\/p>\n\n\n\n<h2 class=\"wp-block-heading has-text-align-center\">Autoridades<\/h2>\n\n\n<div class=\"wp-block-image\">\n<figure class=\"aligncenter size-full is-resized\"><img loading=\"lazy\" decoding=\"async\" width=\"994\" height=\"1280\" src=\"https:\/\/reclutamiento.mil.sv\/wp-content\/uploads\/2025\/09\/Director-DGRR-Sep2025.png\" alt=\"\" class=\"wp-image-2344\" style=\"width:513px;height:auto\" srcset=\"https:\/\/reclutamiento.mil.sv\/wp-content\/uploads\/2025\/09\/Director-DGRR-Sep2025.png 994w, https:\/\/reclutamiento.mil.sv\/wp-content\/uploads\/2025\/09\/Director-DGRR-Sep2025-233x300.png 233w, https:\/\/reclutamiento.mil.sv\/wp-content\/uploads\/2025\/09\/Director-DGRR-Sep2025-795x1024.png 795w, https:\/\/reclutamiento.mil.sv\/wp-content\/uploads\/2025\/09\/Director-DGRR-Sep2025-768x989.png 768w\" sizes=\"(max-width: 994px) 100vw, 994px\" \/><\/figure><\/div>\n\n\n<p><\/p>\n\n\n\n<p><\/p>\n\n\n\n<p><\/p>\n","protected":false},"excerpt":{"rendered":"<div class=\"parrafos-blancos-letranegra\"><p>Historia La Direcci\u00f3n General de Reclutamiento y Reserva (DGRR), nace a principios de la d\u00e9cada de los noventa con el objeto de modernizar y actualizar el trabajo que hasta entonces [&hellip;]<\/p>\n<\/div>","protected":false},"author":2,"featured_media":0,"parent":0,"menu_order":0,"comment_status":"closed","ping_status":"closed","template":"","meta":{"footnotes":""},"class_list":["post-1647","page","type-page","status-publish","hentry"],"yoast_head":"<!-- This site is optimized with the Yoast SEO plugin v23.6 - https:\/\/yoast.com\/wordpress\/plugins\/seo\/ -->\n<title>Marco Institucional - Direcci\u00f3n General de Reclutamiento y Reserva<\/title>\n<meta name=\"robots\" content=\"index, follow, max-snippet:-1, max-image-preview:large, max-video-preview:-1\" \/>\n<link rel=\"canonical\" href=\"https:\/\/reclutamiento.mil.sv\/?page_id=1647\" \/>\n<meta property=\"og:locale\" content=\"es_ES\" \/>\n<meta property=\"og:type\" content=\"article\" \/>\n<meta property=\"og:title\" content=\"Marco Institucional - Direcci\u00f3n General de Reclutamiento y Reserva\" \/>\n<meta property=\"og:description\" content=\"Historia La Direcci\u00f3n General de Reclutamiento y Reserva (DGRR), nace a principios de la d\u00e9cada de los noventa con el objeto de modernizar y actualizar el trabajo que hasta entonces [&hellip;]\" \/>\n<meta property=\"og:url\" content=\"https:\/\/reclutamiento.mil.sv\/?page_id=1647\" \/>\n<meta property=\"og:site_name\" content=\"Direcci\u00f3n General de Reclutamiento y Reserva\" \/>\n<meta property=\"article:modified_time\" content=\"2025-09-24T17:09:22+00:00\" \/>\n<meta property=\"og:image\" content=\"https:\/\/reclutamiento.mil.sv\/wp-content\/uploads\/2020\/12\/Organigrama.jpg\" \/>\n<meta name=\"twitter:card\" content=\"summary_large_image\" \/>\n<meta name=\"twitter:label1\" content=\"Tiempo de lectura\" \/>\n\t<meta name=\"twitter:data1\" content=\"5 minutos\" \/>\n<script type=\"application\/ld+json\" class=\"yoast-schema-graph\">{\"@context\":\"https:\/\/schema.org\",\"@graph\":[{\"@type\":\"WebPage\",\"@id\":\"https:\/\/reclutamiento.mil.sv\/?page_id=1647\",\"url\":\"https:\/\/reclutamiento.mil.sv\/?page_id=1647\",\"name\":\"Marco Institucional - Direcci\u00f3n General de Reclutamiento y Reserva\",\"isPartOf\":{\"@id\":\"https:\/\/reclutamiento.mil.sv\/#website\"},\"primaryImageOfPage\":{\"@id\":\"https:\/\/reclutamiento.mil.sv\/?page_id=1647#primaryimage\"},\"image\":{\"@id\":\"https:\/\/reclutamiento.mil.sv\/?page_id=1647#primaryimage\"},\"thumbnailUrl\":\"https:\/\/reclutamiento.mil.sv\/wp-content\/uploads\/2020\/12\/Organigrama.jpg\",\"datePublished\":\"2020-10-20T20:56:45+00:00\",\"dateModified\":\"2025-09-24T17:09:22+00:00\",\"breadcrumb\":{\"@id\":\"https:\/\/reclutamiento.mil.sv\/?page_id=1647#breadcrumb\"},\"inLanguage\":\"es\",\"potentialAction\":[{\"@type\":\"ReadAction\",\"target\":[\"https:\/\/reclutamiento.mil.sv\/?page_id=1647\"]}]},{\"@type\":\"ImageObject\",\"inLanguage\":\"es\",\"@id\":\"https:\/\/reclutamiento.mil.sv\/?page_id=1647#primaryimage\",\"url\":\"https:\/\/reclutamiento.mil.sv\/wp-content\/uploads\/2020\/12\/Organigrama.jpg\",\"contentUrl\":\"https:\/\/reclutamiento.mil.sv\/wp-content\/uploads\/2020\/12\/Organigrama.jpg\",\"width\":1049,\"height\":1000},{\"@type\":\"BreadcrumbList\",\"@id\":\"https:\/\/reclutamiento.mil.sv\/?page_id=1647#breadcrumb\",\"itemListElement\":[{\"@type\":\"ListItem\",\"position\":1,\"name\":\"Inicio\",\"item\":\"https:\/\/reclutamiento.mil.sv\/\"},{\"@type\":\"ListItem\",\"position\":2,\"name\":\"Marco Institucional\"}]},{\"@type\":\"WebSite\",\"@id\":\"https:\/\/reclutamiento.mil.sv\/#website\",\"url\":\"https:\/\/reclutamiento.mil.sv\/\",\"name\":\"Direcci\u00f3n General de Reclutamiento y Reserva\",\"description\":\"DGRR\",\"potentialAction\":[{\"@type\":\"SearchAction\",\"target\":{\"@type\":\"EntryPoint\",\"urlTemplate\":\"https:\/\/reclutamiento.mil.sv\/?s={search_term_string}\"},\"query-input\":{\"@type\":\"PropertyValueSpecification\",\"valueRequired\":true,\"valueName\":\"search_term_string\"}}],\"inLanguage\":\"es\"}]}<\/script>\n<!-- \/ Yoast SEO plugin. -->","yoast_head_json":{"title":"Marco Institucional - Direcci\u00f3n General de Reclutamiento y Reserva","robots":{"index":"index","follow":"follow","max-snippet":"max-snippet:-1","max-image-preview":"max-image-preview:large","max-video-preview":"max-video-preview:-1"},"canonical":"https:\/\/reclutamiento.mil.sv\/?page_id=1647","og_locale":"es_ES","og_type":"article","og_title":"Marco Institucional - Direcci\u00f3n General de Reclutamiento y Reserva","og_description":"Historia La Direcci\u00f3n General de Reclutamiento y Reserva (DGRR), nace a principios de la d\u00e9cada de los noventa con el objeto de modernizar y actualizar el trabajo que hasta entonces [&hellip;]","og_url":"https:\/\/reclutamiento.mil.sv\/?page_id=1647","og_site_name":"Direcci\u00f3n General de Reclutamiento y Reserva","article_modified_time":"2025-09-24T17:09:22+00:00","og_image":[{"url":"https:\/\/reclutamiento.mil.sv\/wp-content\/uploads\/2020\/12\/Organigrama.jpg"}],"twitter_card":"summary_large_image","twitter_misc":{"Tiempo de lectura":"5 minutos"},"schema":{"@context":"https:\/\/schema.org","@graph":[{"@type":"WebPage","@id":"https:\/\/reclutamiento.mil.sv\/?page_id=1647","url":"https:\/\/reclutamiento.mil.sv\/?page_id=1647","name":"Marco Institucional - Direcci\u00f3n General de Reclutamiento y Reserva","isPartOf":{"@id":"https:\/\/reclutamiento.mil.sv\/#website"},"primaryImageOfPage":{"@id":"https:\/\/reclutamiento.mil.sv\/?page_id=1647#primaryimage"},"image":{"@id":"https:\/\/reclutamiento.mil.sv\/?page_id=1647#primaryimage"},"thumbnailUrl":"https:\/\/reclutamiento.mil.sv\/wp-content\/uploads\/2020\/12\/Organigrama.jpg","datePublished":"2020-10-20T20:56:45+00:00","dateModified":"2025-09-24T17:09:22+00:00","breadcrumb":{"@id":"https:\/\/reclutamiento.mil.sv\/?page_id=1647#breadcrumb"},"inLanguage":"es","potentialAction":[{"@type":"ReadAction","target":["https:\/\/reclutamiento.mil.sv\/?page_id=1647"]}]},{"@type":"ImageObject","inLanguage":"es","@id":"https:\/\/reclutamiento.mil.sv\/?page_id=1647#primaryimage","url":"https:\/\/reclutamiento.mil.sv\/wp-content\/uploads\/2020\/12\/Organigrama.jpg","contentUrl":"https:\/\/reclutamiento.mil.sv\/wp-content\/uploads\/2020\/12\/Organigrama.jpg","width":1049,"height":1000},{"@type":"BreadcrumbList","@id":"https:\/\/reclutamiento.mil.sv\/?page_id=1647#breadcrumb","itemListElement":[{"@type":"ListItem","position":1,"name":"Inicio","item":"https:\/\/reclutamiento.mil.sv\/"},{"@type":"ListItem","position":2,"name":"Marco Institucional"}]},{"@type":"WebSite","@id":"https:\/\/reclutamiento.mil.sv\/#website","url":"https:\/\/reclutamiento.mil.sv\/","name":"Direcci\u00f3n General de Reclutamiento y Reserva","description":"DGRR","potentialAction":[{"@type":"SearchAction","target":{"@type":"EntryPoint","urlTemplate":"https:\/\/reclutamiento.mil.sv\/?s={search_term_string}"},"query-input":{"@type":"PropertyValueSpecification","valueRequired":true,"valueName":"search_term_string"}}],"inLanguage":"es"}]}},"_links":{"self":[{"href":"https:\/\/reclutamiento.mil.sv\/index.php?rest_route=\/wp\/v2\/pages\/1647"}],"collection":[{"href":"https:\/\/reclutamiento.mil.sv\/index.php?rest_route=\/wp\/v2\/pages"}],"about":[{"href":"https:\/\/reclutamiento.mil.sv\/index.php?rest_route=\/wp\/v2\/types\/page"}],"author":[{"embeddable":true,"href":"https:\/\/reclutamiento.mil.sv\/index.php?rest_route=\/wp\/v2\/users\/2"}],"replies":[{"embeddable":true,"href":"https:\/\/reclutamiento.mil.sv\/index.php?rest_route=%2Fwp%2Fv2%2Fcomments&post=1647"}],"version-history":[{"count":14,"href":"https:\/\/reclutamiento.mil.sv\/index.php?rest_route=\/wp\/v2\/pages\/1647\/revisions"}],"predecessor-version":[{"id":2345,"href":"https:\/\/reclutamiento.mil.sv\/index.php?rest_route=\/wp\/v2\/pages\/1647\/revisions\/2345"}],"wp:attachment":[{"href":"https:\/\/reclutamiento.mil.sv\/index.php?rest_route=%2Fwp%2Fv2%2Fmedia&parent=1647"}],"curies":[{"name":"wp","href":"https:\/\/api.w.org\/{rel}","templated":true}]}}