{"id":1508,"date":"2020-08-27T09:38:54","date_gmt":"2020-08-27T15:38:54","guid":{"rendered":"https:\/\/reclutamiento.mil.sv\/?page_id=1508"},"modified":"2020-11-10T14:12:03","modified_gmt":"2020-11-10T20:12:03","slug":"contactenos","status":"publish","type":"page","link":"https:\/\/reclutamiento.mil.sv\/?page_id=1508","title":{"rendered":"Cont\u00e1ctenos"},"content":{"rendered":"<h2>Sede Santa Elena<\/h2>\n<p>Bulevar Orden de Malta, #470. Urbanizaci\u00f3n Santa Elena, Antiguo Cuscatl\u00e1n.<br \/>\n2133-1207<br \/>\n<iframe scrolling=\"no\" marginheight=\"0\" marginwidth=\"0\" src=\"https:\/\/maps.google.com\/maps?q=FISDL%20SANTA%20ELENA&amp;t=m&amp;z=15&amp;output=embed&amp;iwloc=near\" aria-label=\"FISDL SANTA ELENA\" frameborder=\"0\"><\/iframe><\/p>\n<h2>Sede San Jacinto<\/h2>\n<p>10. Avenida Sur y Calle M\u00e9xico, Barrio San Jacinto, San Salvador.<br \/>\n2133-1200<br \/>\n<iframe scrolling=\"no\" marginheight=\"0\" marginwidth=\"0\" src=\"https:\/\/maps.google.com\/maps?q=FISDL%20SAN%20JACINTO&amp;t=m&amp;z=16&amp;output=embed&amp;iwloc=near\" aria-label=\"FISDL SAN JACINTO\" frameborder=\"0\"><\/iframe><\/p>\n","protected":false},"excerpt":{"rendered":"<div class=\"parrafos-blancos-letranegra\"><p>Sede Santa Elena Bulevar Orden de Malta, #470. Urbanizaci\u00f3n Santa Elena, Antiguo Cuscatl\u00e1n. 2133-1207 Sede San Jacinto 10. Avenida Sur y Calle M\u00e9xico, Barrio San Jacinto, San Salvador. 2133-1200<\/p>\n<\/div>","protected":false},"author":2,"featured_media":0,"parent":0,"menu_order":0,"comment_status":"closed","ping_status":"closed","template":"","meta":{"footnotes":""},"class_list":["post-1508","page","type-page","status-publish","hentry"],"yoast_head":"<!-- This site is optimized with the Yoast SEO plugin v23.6 - https:\/\/yoast.com\/wordpress\/plugins\/seo\/ -->\n<title>Cont\u00e1ctenos - Direcci\u00f3n General de Reclutamiento y Reserva<\/title>\n<meta name=\"robots\" content=\"index, follow, max-snippet:-1, max-image-preview:large, max-video-preview:-1\" \/>\n<link rel=\"canonical\" href=\"https:\/\/reclutamiento.mil.sv\/?page_id=1508\" \/>\n<meta property=\"og:locale\" content=\"es_ES\" \/>\n<meta property=\"og:type\" content=\"article\" \/>\n<meta property=\"og:title\" content=\"Cont\u00e1ctenos - Direcci\u00f3n General de Reclutamiento y Reserva\" \/>\n<meta property=\"og:description\" content=\"Sede Santa Elena Bulevar Orden de Malta, #470. Urbanizaci\u00f3n Santa Elena, Antiguo Cuscatl\u00e1n. 2133-1207 Sede San Jacinto 10. Avenida Sur y Calle M\u00e9xico, Barrio San Jacinto, San Salvador. 2133-1200\" \/>\n<meta property=\"og:url\" content=\"https:\/\/reclutamiento.mil.sv\/?page_id=1508\" \/>\n<meta property=\"og:site_name\" content=\"Direcci\u00f3n General de Reclutamiento y Reserva\" \/>\n<meta property=\"article:modified_time\" content=\"2020-11-10T20:12:03+00:00\" \/>\n<meta name=\"twitter:card\" content=\"summary_large_image\" \/>\n<script type=\"application\/ld+json\" class=\"yoast-schema-graph\">{\"@context\":\"https:\/\/schema.org\",\"@graph\":[{\"@type\":\"WebPage\",\"@id\":\"https:\/\/reclutamiento.mil.sv\/?page_id=1508\",\"url\":\"https:\/\/reclutamiento.mil.sv\/?page_id=1508\",\"name\":\"Cont\u00e1ctenos - Direcci\u00f3n General de Reclutamiento y Reserva\",\"isPartOf\":{\"@id\":\"https:\/\/reclutamiento.mil.sv\/#website\"},\"datePublished\":\"2020-08-27T15:38:54+00:00\",\"dateModified\":\"2020-11-10T20:12:03+00:00\",\"breadcrumb\":{\"@id\":\"https:\/\/reclutamiento.mil.sv\/?page_id=1508#breadcrumb\"},\"inLanguage\":\"es\",\"potentialAction\":[{\"@type\":\"ReadAction\",\"target\":[\"https:\/\/reclutamiento.mil.sv\/?page_id=1508\"]}]},{\"@type\":\"BreadcrumbList\",\"@id\":\"https:\/\/reclutamiento.mil.sv\/?page_id=1508#breadcrumb\",\"itemListElement\":[{\"@type\":\"ListItem\",\"position\":1,\"name\":\"Inicio\",\"item\":\"https:\/\/reclutamiento.mil.sv\/\"},{\"@type\":\"ListItem\",\"position\":2,\"name\":\"Cont\u00e1ctenos\"}]},{\"@type\":\"WebSite\",\"@id\":\"https:\/\/reclutamiento.mil.sv\/#website\",\"url\":\"https:\/\/reclutamiento.mil.sv\/\",\"name\":\"Direcci\u00f3n General de Reclutamiento y Reserva\",\"description\":\"DGRR\",\"potentialAction\":[{\"@type\":\"SearchAction\",\"target\":{\"@type\":\"EntryPoint\",\"urlTemplate\":\"https:\/\/reclutamiento.mil.sv\/?s={search_term_string}\"},\"query-input\":{\"@type\":\"PropertyValueSpecification\",\"valueRequired\":true,\"valueName\":\"search_term_string\"}}],\"inLanguage\":\"es\"}]}<\/script>\n<!-- \/ Yoast SEO plugin. -->","yoast_head_json":{"title":"Cont\u00e1ctenos - Direcci\u00f3n General de Reclutamiento y Reserva","robots":{"index":"index","follow":"follow","max-snippet":"max-snippet:-1","max-image-preview":"max-image-preview:large","max-video-preview":"max-video-preview:-1"},"canonical":"https:\/\/reclutamiento.mil.sv\/?page_id=1508","og_locale":"es_ES","og_type":"article","og_title":"Cont\u00e1ctenos - Direcci\u00f3n General de Reclutamiento y Reserva","og_description":"Sede Santa Elena Bulevar Orden de Malta, #470. Urbanizaci\u00f3n Santa Elena, Antiguo Cuscatl\u00e1n. 2133-1207 Sede San Jacinto 10. Avenida Sur y Calle M\u00e9xico, Barrio San Jacinto, San Salvador. 2133-1200","og_url":"https:\/\/reclutamiento.mil.sv\/?page_id=1508","og_site_name":"Direcci\u00f3n General de Reclutamiento y Reserva","article_modified_time":"2020-11-10T20:12:03+00:00","twitter_card":"summary_large_image","schema":{"@context":"https:\/\/schema.org","@graph":[{"@type":"WebPage","@id":"https:\/\/reclutamiento.mil.sv\/?page_id=1508","url":"https:\/\/reclutamiento.mil.sv\/?page_id=1508","name":"Cont\u00e1ctenos - Direcci\u00f3n General de Reclutamiento y Reserva","isPartOf":{"@id":"https:\/\/reclutamiento.mil.sv\/#website"},"datePublished":"2020-08-27T15:38:54+00:00","dateModified":"2020-11-10T20:12:03+00:00","breadcrumb":{"@id":"https:\/\/reclutamiento.mil.sv\/?page_id=1508#breadcrumb"},"inLanguage":"es","potentialAction":[{"@type":"ReadAction","target":["https:\/\/reclutamiento.mil.sv\/?page_id=1508"]}]},{"@type":"BreadcrumbList","@id":"https:\/\/reclutamiento.mil.sv\/?page_id=1508#breadcrumb","itemListElement":[{"@type":"ListItem","position":1,"name":"Inicio","item":"https:\/\/reclutamiento.mil.sv\/"},{"@type":"ListItem","position":2,"name":"Cont\u00e1ctenos"}]},{"@type":"WebSite","@id":"https:\/\/reclutamiento.mil.sv\/#website","url":"https:\/\/reclutamiento.mil.sv\/","name":"Direcci\u00f3n General de Reclutamiento y Reserva","description":"DGRR","potentialAction":[{"@type":"SearchAction","target":{"@type":"EntryPoint","urlTemplate":"https:\/\/reclutamiento.mil.sv\/?s={search_term_string}"},"query-input":{"@type":"PropertyValueSpecification","valueRequired":true,"valueName":"search_term_string"}}],"inLanguage":"es"}]}},"_links":{"self":[{"href":"https:\/\/reclutamiento.mil.sv\/index.php?rest_route=\/wp\/v2\/pages\/1508"}],"collection":[{"href":"https:\/\/reclutamiento.mil.sv\/index.php?rest_route=\/wp\/v2\/pages"}],"about":[{"href":"https:\/\/reclutamiento.mil.sv\/index.php?rest_route=\/wp\/v2\/types\/page"}],"author":[{"embeddable":true,"href":"https:\/\/reclutamiento.mil.sv\/index.php?rest_route=\/wp\/v2\/users\/2"}],"replies":[{"embeddable":true,"href":"https:\/\/reclutamiento.mil.sv\/index.php?rest_route=%2Fwp%2Fv2%2Fcomments&post=1508"}],"version-history":[{"count":6,"href":"https:\/\/reclutamiento.mil.sv\/index.php?rest_route=\/wp\/v2\/pages\/1508\/revisions"}],"predecessor-version":[{"id":1722,"href":"https:\/\/reclutamiento.mil.sv\/index.php?rest_route=\/wp\/v2\/pages\/1508\/revisions\/1722"}],"wp:attachment":[{"href":"https:\/\/reclutamiento.mil.sv\/index.php?rest_route=%2Fwp%2Fv2%2Fmedia&parent=1508"}],"curies":[{"name":"wp","href":"https:\/\/api.w.org\/{rel}","templated":true}]}}